{"id":169,"date":"2022-03-24T13:40:32","date_gmt":"2022-03-24T12:40:32","guid":{"rendered":"https:\/\/cleanmen-stuttgart.de\/?page_id=169"},"modified":"2022-05-13T15:17:09","modified_gmt":"2022-05-13T13:17:09","slug":"glasreinigung","status":"publish","type":"page","link":"https:\/\/cleanmen-stuttgart.de\/?page_id=169","title":{"rendered":"Glasreinigung"},"content":{"rendered":"\n<figure class=\"wp-block-image size-large\"><img loading=\"lazy\" decoding=\"async\" width=\"1024\" height=\"405\" src=\"https:\/\/cleanmen-stuttgart.de\/wp-content\/uploads\/2022\/03\/iStock-1221658715-3-1024x405.jpg\" alt=\"\" class=\"wp-image-170\" srcset=\"https:\/\/cleanmen-stuttgart.de\/wp-content\/uploads\/2022\/03\/iStock-1221658715-3-1024x405.jpg 1024w, https:\/\/cleanmen-stuttgart.de\/wp-content\/uploads\/2022\/03\/iStock-1221658715-3-300x119.jpg 300w, https:\/\/cleanmen-stuttgart.de\/wp-content\/uploads\/2022\/03\/iStock-1221658715-3-768x304.jpg 768w, https:\/\/cleanmen-stuttgart.de\/wp-content\/uploads\/2022\/03\/iStock-1221658715-3-1536x607.jpg 1536w, https:\/\/cleanmen-stuttgart.de\/wp-content\/uploads\/2022\/03\/iStock-1221658715-3-2048x810.jpg 2048w\" sizes=\"auto, (max-width: 1024px) 100vw, 1024px\" \/><figcaption>Glasreinigung<\/figcaption><\/figure>\n\n\n\n<p>Wir sorgen f\u00fcr klaren Durchblick: mit der S\u00e4uberung von Glastrennw\u00e4nden, Winterg\u00e4rten, einer professionellen Fensterreinigung und mehr. Durch das\u00a0Osmose-Verfahren, eine spezielle\u00a0Wasseraufbereitungstechnik, bleiben die Fenster noch l\u00e4nger sauber!<\/p>\n\n\n\n<p>Selbstverst\u00e4ndlich achten wir auf eine\u00a0umweltbewusste Glas- und Fensterreinigung, die ihr Ergebnis nicht verfehlt: eine\u00a0r\u00fcckstandslose und Schlierenfreie\u00a0Reinigung aller Glasfl\u00e4chen im Innen- und Au\u00dfenbereich Ihrer Gewerbeimmobilie. So machen Sie nach au\u00dfen einen glanzvollen Eindruck bei Kundinnen und Kunden und haben von innen immer eine klare Sicht.<\/p>\n","protected":false},"excerpt":{"rendered":"<p>Wir sorgen f\u00fcr klaren Durchblick: mit der S\u00e4uberung von Glastrennw\u00e4nden, Winterg\u00e4rten, einer professionellen Fensterreinigung und mehr. Durch das\u00a0Osmose-Verfahren, eine spezielle\u00a0Wasseraufbereitungstechnik, bleiben die Fenster noch l\u00e4nger sauber! Selbstverst\u00e4ndlich achten wir auf [&hellip;]<\/p>\n","protected":false},"author":1,"featured_media":0,"parent":0,"menu_order":0,"comment_status":"closed","ping_status":"closed","template":"","meta":{"footnotes":""},"class_list":["post-169","page","type-page","status-publish","hentry"],"_links":{"self":[{"href":"https:\/\/cleanmen-stuttgart.de\/index.php?rest_route=\/wp\/v2\/pages\/169","targetHints":{"allow":["GET"]}}],"collection":[{"href":"https:\/\/cleanmen-stuttgart.de\/index.php?rest_route=\/wp\/v2\/pages"}],"about":[{"href":"https:\/\/cleanmen-stuttgart.de\/index.php?rest_route=\/wp\/v2\/types\/page"}],"author":[{"embeddable":true,"href":"https:\/\/cleanmen-stuttgart.de\/index.php?rest_route=\/wp\/v2\/users\/1"}],"replies":[{"embeddable":true,"href":"https:\/\/cleanmen-stuttgart.de\/index.php?rest_route=%2Fwp%2Fv2%2Fcomments&post=169"}],"version-history":[{"count":3,"href":"https:\/\/cleanmen-stuttgart.de\/index.php?rest_route=\/wp\/v2\/pages\/169\/revisions"}],"predecessor-version":[{"id":331,"href":"https:\/\/cleanmen-stuttgart.de\/index.php?rest_route=\/wp\/v2\/pages\/169\/revisions\/331"}],"wp:attachment":[{"href":"https:\/\/cleanmen-stuttgart.de\/index.php?rest_route=%2Fwp%2Fv2%2Fmedia&parent=169"}],"curies":[{"name":"wp","href":"https:\/\/api.w.org\/{rel}","templated":true}]}}