{"id":174,"date":"2022-03-24T13:42:16","date_gmt":"2022-03-24T12:42:16","guid":{"rendered":"https:\/\/cleanmen-stuttgart.de\/?page_id=174"},"modified":"2022-05-13T15:23:41","modified_gmt":"2022-05-13T13:23:41","slug":"leistungen","status":"publish","type":"page","link":"https:\/\/cleanmen-stuttgart.de\/?page_id=174","title":{"rendered":"Leistungen"},"content":{"rendered":"\n<p>Die Cleanmen GmbH ist ein mittelst\u00e4ndisches Unternehmen aus dem Herzen Stuttgarts.<\/p>\n\n\n\n<p>Seit 2013 stehen wir f\u00fcr nachhaltigen Geb\u00e4udeservice.<\/p>\n\n\n\n<p>Unser Team besteht aus langj\u00e4hrigen, motivierten Mitarbeitern, die sich mit Spa\u00df an der Arbeit t\u00e4glich um die Geb\u00e4ude unserer Kunden k\u00fcmmern.<\/p>\n\n\n\n<p>Wir freuen uns, sie auf unserem Internetauftritt begr\u00fc\u00dfen zu d\u00fcrfen.<\/p>\n","protected":false},"excerpt":{"rendered":"<p>Die Cleanmen GmbH ist ein mittelst\u00e4ndisches Unternehmen aus dem Herzen Stuttgarts. Seit 2013 stehen wir f\u00fcr nachhaltigen Geb\u00e4udeservice. Unser Team besteht aus langj\u00e4hrigen, motivierten Mitarbeitern, die sich mit Spa\u00df an [&hellip;]<\/p>\n","protected":false},"author":1,"featured_media":0,"parent":0,"menu_order":0,"comment_status":"closed","ping_status":"closed","template":"","meta":{"footnotes":""},"class_list":["post-174","page","type-page","status-publish","hentry"],"_links":{"self":[{"href":"https:\/\/cleanmen-stuttgart.de\/index.php?rest_route=\/wp\/v2\/pages\/174","targetHints":{"allow":["GET"]}}],"collection":[{"href":"https:\/\/cleanmen-stuttgart.de\/index.php?rest_route=\/wp\/v2\/pages"}],"about":[{"href":"https:\/\/cleanmen-stuttgart.de\/index.php?rest_route=\/wp\/v2\/types\/page"}],"author":[{"embeddable":true,"href":"https:\/\/cleanmen-stuttgart.de\/index.php?rest_route=\/wp\/v2\/users\/1"}],"replies":[{"embeddable":true,"href":"https:\/\/cleanmen-stuttgart.de\/index.php?rest_route=%2Fwp%2Fv2%2Fcomments&post=174"}],"version-history":[{"count":2,"href":"https:\/\/cleanmen-stuttgart.de\/index.php?rest_route=\/wp\/v2\/pages\/174\/revisions"}],"predecessor-version":[{"id":336,"href":"https:\/\/cleanmen-stuttgart.de\/index.php?rest_route=\/wp\/v2\/pages\/174\/revisions\/336"}],"wp:attachment":[{"href":"https:\/\/cleanmen-stuttgart.de\/index.php?rest_route=%2Fwp%2Fv2%2Fmedia&parent=174"}],"curies":[{"name":"wp","href":"https:\/\/api.w.org\/{rel}","templated":true}]}}