{"id":183,"date":"2022-03-24T13:52:00","date_gmt":"2022-03-24T12:52:00","guid":{"rendered":"https:\/\/cleanmen-stuttgart.de\/?page_id=183"},"modified":"2022-05-04T19:15:08","modified_gmt":"2022-05-04T17:15:08","slug":"industiereinigung","status":"publish","type":"page","link":"https:\/\/cleanmen-stuttgart.de\/?page_id=183","title":{"rendered":"Industiereinigung"},"content":{"rendered":"\n<figure class=\"wp-block-image size-full\"><img loading=\"lazy\" decoding=\"async\" width=\"724\" height=\"483\" src=\"https:\/\/cleanmen-stuttgart.de\/wp-content\/uploads\/2022\/05\/iStock-913031232.jpg\" alt=\"\" class=\"wp-image-287\" srcset=\"https:\/\/cleanmen-stuttgart.de\/wp-content\/uploads\/2022\/05\/iStock-913031232.jpg 724w, https:\/\/cleanmen-stuttgart.de\/wp-content\/uploads\/2022\/05\/iStock-913031232-300x200.jpg 300w\" sizes=\"auto, (max-width: 724px) 100vw, 724px\" \/><figcaption>Industiereinigung<\/figcaption><\/figure>\n\n\n\n<p>Wir von der Cleanmen Geb\u00e4udereinigung wissen, wie schwierig es ist, die Sauberkeit in Industriegeb\u00e4uden aufrechtzuerhalten. Viele Mitarbeiter, Kunden und der spezifische Arbeitsablauf erfordern eine pr\u00e4zise Industriereinigung&nbsp; . Vertrauen Sie also unseren Profis von Cleanmen Geb\u00e4udereinigung. Cleanmen Geb\u00e4udereinigung bietet Komplettl\u00f6sungen f\u00fcr die Reinigung und Aufrechterhaltung des erforderlichen Sauberkeitsniveaus in Industrieanlagen. Die Reinigung erfolgt nach Ihren W\u00fcnschen und zu einem f\u00fcr Sie passenden Zeitpunkt, damit Ihr normaler Arbeitsprozess nicht unterbrochen wird. Wir von der Cleanmen Geb\u00e4udereinigung haben Erfahrung in der Reinigung von Industriegeb\u00e4uden, wir verf\u00fcgen \u00fcber das notwendige Personal und geeignete Maschinen, die ein schnelles und qualitativ hochwertiges Arbeiten erm\u00f6glichen.<\/p>\n","protected":false},"excerpt":{"rendered":"<p>Wir von der Cleanmen Geb\u00e4udereinigung wissen, wie schwierig es ist, die Sauberkeit in Industriegeb\u00e4uden aufrechtzuerhalten. Viele Mitarbeiter, Kunden und der spezifische Arbeitsablauf erfordern eine pr\u00e4zise Industriereinigung&nbsp; . Vertrauen Sie also [&hellip;]<\/p>\n","protected":false},"author":1,"featured_media":0,"parent":0,"menu_order":0,"comment_status":"closed","ping_status":"closed","template":"","meta":{"footnotes":""},"class_list":["post-183","page","type-page","status-publish","hentry"],"_links":{"self":[{"href":"https:\/\/cleanmen-stuttgart.de\/index.php?rest_route=\/wp\/v2\/pages\/183","targetHints":{"allow":["GET"]}}],"collection":[{"href":"https:\/\/cleanmen-stuttgart.de\/index.php?rest_route=\/wp\/v2\/pages"}],"about":[{"href":"https:\/\/cleanmen-stuttgart.de\/index.php?rest_route=\/wp\/v2\/types\/page"}],"author":[{"embeddable":true,"href":"https:\/\/cleanmen-stuttgart.de\/index.php?rest_route=\/wp\/v2\/users\/1"}],"replies":[{"embeddable":true,"href":"https:\/\/cleanmen-stuttgart.de\/index.php?rest_route=%2Fwp%2Fv2%2Fcomments&post=183"}],"version-history":[{"count":3,"href":"https:\/\/cleanmen-stuttgart.de\/index.php?rest_route=\/wp\/v2\/pages\/183\/revisions"}],"predecessor-version":[{"id":288,"href":"https:\/\/cleanmen-stuttgart.de\/index.php?rest_route=\/wp\/v2\/pages\/183\/revisions\/288"}],"wp:attachment":[{"href":"https:\/\/cleanmen-stuttgart.de\/index.php?rest_route=%2Fwp%2Fv2%2Fmedia&parent=183"}],"curies":[{"name":"wp","href":"https:\/\/api.w.org\/{rel}","templated":true}]}}