{"id":187,"date":"2022-03-24T13:52:45","date_gmt":"2022-03-24T12:52:45","guid":{"rendered":"https:\/\/cleanmen-stuttgart.de\/?page_id=187"},"modified":"2022-05-04T19:13:01","modified_gmt":"2022-05-04T17:13:01","slug":"kuechenreinigung","status":"publish","type":"page","link":"https:\/\/cleanmen-stuttgart.de\/?page_id=187","title":{"rendered":"K\u00fcchenreinigung"},"content":{"rendered":"\n<figure class=\"wp-block-image size-full is-resized\"><img loading=\"lazy\" decoding=\"async\" src=\"https:\/\/cleanmen-stuttgart.de\/wp-content\/uploads\/2022\/05\/iStock-177145730.jpg\" alt=\"\" class=\"wp-image-282\" width=\"333\" height=\"502\" srcset=\"https:\/\/cleanmen-stuttgart.de\/wp-content\/uploads\/2022\/05\/iStock-177145730.jpg 481w, https:\/\/cleanmen-stuttgart.de\/wp-content\/uploads\/2022\/05\/iStock-177145730-199x300.jpg 199w\" sizes=\"auto, (max-width: 333px) 100vw, 333px\" \/><figcaption>K\u00fcchenreinigung<\/figcaption><\/figure>\n\n\n\n<p>Ob im Restaurant, Imbiss oder in der Kantine &#8211; eine saubere K\u00fcche ist die Visitenkarte eines jeden Gastronomiebetriebes. Unsere Reinigungskr\u00e4fte bringen Ihre K\u00fcche wieder auf Hochglanz, und das unter der Einhaltung der gesetzlichen Hygienevorschriften.&nbsp;<\/p>\n","protected":false},"excerpt":{"rendered":"<p>Ob im Restaurant, Imbiss oder in der Kantine &#8211; eine saubere K\u00fcche ist die Visitenkarte eines jeden Gastronomiebetriebes. Unsere Reinigungskr\u00e4fte bringen Ihre K\u00fcche wieder auf Hochglanz, und das unter der [&hellip;]<\/p>\n","protected":false},"author":1,"featured_media":0,"parent":0,"menu_order":0,"comment_status":"closed","ping_status":"closed","template":"","meta":{"footnotes":""},"class_list":["post-187","page","type-page","status-publish","hentry"],"_links":{"self":[{"href":"https:\/\/cleanmen-stuttgart.de\/index.php?rest_route=\/wp\/v2\/pages\/187","targetHints":{"allow":["GET"]}}],"collection":[{"href":"https:\/\/cleanmen-stuttgart.de\/index.php?rest_route=\/wp\/v2\/pages"}],"about":[{"href":"https:\/\/cleanmen-stuttgart.de\/index.php?rest_route=\/wp\/v2\/types\/page"}],"author":[{"embeddable":true,"href":"https:\/\/cleanmen-stuttgart.de\/index.php?rest_route=\/wp\/v2\/users\/1"}],"replies":[{"embeddable":true,"href":"https:\/\/cleanmen-stuttgart.de\/index.php?rest_route=%2Fwp%2Fv2%2Fcomments&post=187"}],"version-history":[{"count":3,"href":"https:\/\/cleanmen-stuttgart.de\/index.php?rest_route=\/wp\/v2\/pages\/187\/revisions"}],"predecessor-version":[{"id":283,"href":"https:\/\/cleanmen-stuttgart.de\/index.php?rest_route=\/wp\/v2\/pages\/187\/revisions\/283"}],"wp:attachment":[{"href":"https:\/\/cleanmen-stuttgart.de\/index.php?rest_route=%2Fwp%2Fv2%2Fmedia&parent=187"}],"curies":[{"name":"wp","href":"https:\/\/api.w.org\/{rel}","templated":true}]}}