{"id":195,"date":"2022-03-24T13:54:06","date_gmt":"2022-03-24T12:54:06","guid":{"rendered":"https:\/\/cleanmen-stuttgart.de\/?page_id=195"},"modified":"2022-05-13T15:18:13","modified_gmt":"2022-05-13T13:18:13","slug":"baureinigung","status":"publish","type":"page","link":"https:\/\/cleanmen-stuttgart.de\/?page_id=195","title":{"rendered":"Baureinigung"},"content":{"rendered":"\n<figure class=\"wp-block-image size-large is-style-default\"><img loading=\"lazy\" decoding=\"async\" width=\"1024\" height=\"683\" src=\"https:\/\/cleanmen-stuttgart.de\/wp-content\/uploads\/2022\/03\/iStock-1307622353-1024x683.jpg\" alt=\"\" class=\"wp-image-238\" srcset=\"https:\/\/cleanmen-stuttgart.de\/wp-content\/uploads\/2022\/03\/iStock-1307622353-1024x683.jpg 1024w, https:\/\/cleanmen-stuttgart.de\/wp-content\/uploads\/2022\/03\/iStock-1307622353-300x200.jpg 300w, https:\/\/cleanmen-stuttgart.de\/wp-content\/uploads\/2022\/03\/iStock-1307622353-768x512.jpg 768w, https:\/\/cleanmen-stuttgart.de\/wp-content\/uploads\/2022\/03\/iStock-1307622353.jpg 1254w\" sizes=\"auto, (max-width: 1024px) 100vw, 1024px\" \/><figcaption>Baureinigung<\/figcaption><\/figure>\n\n\n\n<p>Unsere Baureinigung umfasst zun\u00e4chst einmal die\u00a0Bauzwischenreinigung\u00a0w\u00e4hrend der Bauphase, in der Baumschmutz, Grobschmutz und Verpackungsmaterial entfernt werden. Au\u00dferdem k\u00fcmmert sich unser erfahrenes Reinigungsteam um die\u00a0Baufeinreinigung\u00a0nach Beendigung der Bauarbeiten und vor der \u00dcbergabe, in der die Fl\u00e4chen von Staub und allen sonst entstandenen Verschmutzungen durch die Bauarbeiten gereinigt werden.<\/p>\n\n\n\n<p>Unser geschultes Reinigungspersonal kennt die Anforderungen der einzelnen Bauphasen und reinigt Ihre Gewerke im\u00a0gewerblichen und<strong> <\/strong>industriellen Bereich. Mit unserer Reinigung sparen Sie nicht nur Zeit, sondern sind optimal auf nachfolgende Bauschritte vorbereitet. Nicht zuletzt rentiert sich die\u00a0materialschonende Pflege\u00a0von Bodenbel\u00e4gen und anderen Oberfl\u00e4chen auch unter wirtschaftlichen Gesichtspunkten. Gerne beraten wir Sie im raum Baden-W\u00fcrttemberg und Bayer\u00a0zu unserem Leistungsspektrum und stimmen dieses auf Ihre W\u00fcnsche ab.<\/p>\n","protected":false},"excerpt":{"rendered":"<p>Cleanmen GmbH<br \/>\nGeb\u00e4udereinigung<br \/>\nReinigung<\/p>\n","protected":false},"author":1,"featured_media":0,"parent":0,"menu_order":0,"comment_status":"closed","ping_status":"closed","template":"","meta":{"footnotes":""},"class_list":["post-195","page","type-page","status-publish","hentry"],"_links":{"self":[{"href":"https:\/\/cleanmen-stuttgart.de\/index.php?rest_route=\/wp\/v2\/pages\/195","targetHints":{"allow":["GET"]}}],"collection":[{"href":"https:\/\/cleanmen-stuttgart.de\/index.php?rest_route=\/wp\/v2\/pages"}],"about":[{"href":"https:\/\/cleanmen-stuttgart.de\/index.php?rest_route=\/wp\/v2\/types\/page"}],"author":[{"embeddable":true,"href":"https:\/\/cleanmen-stuttgart.de\/index.php?rest_route=\/wp\/v2\/users\/1"}],"replies":[{"embeddable":true,"href":"https:\/\/cleanmen-stuttgart.de\/index.php?rest_route=%2Fwp%2Fv2%2Fcomments&post=195"}],"version-history":[{"count":4,"href":"https:\/\/cleanmen-stuttgart.de\/index.php?rest_route=\/wp\/v2\/pages\/195\/revisions"}],"predecessor-version":[{"id":332,"href":"https:\/\/cleanmen-stuttgart.de\/index.php?rest_route=\/wp\/v2\/pages\/195\/revisions\/332"}],"wp:attachment":[{"href":"https:\/\/cleanmen-stuttgart.de\/index.php?rest_route=%2Fwp%2Fv2%2Fmedia&parent=195"}],"curies":[{"name":"wp","href":"https:\/\/api.w.org\/{rel}","templated":true}]}}