{"id":199,"date":"2022-03-24T13:54:27","date_gmt":"2022-03-24T12:54:27","guid":{"rendered":"https:\/\/cleanmen-stuttgart.de\/?page_id=199"},"modified":"2022-05-13T15:18:31","modified_gmt":"2022-05-13T13:18:31","slug":"teppichreinigung","status":"publish","type":"page","link":"https:\/\/cleanmen-stuttgart.de\/?page_id=199","title":{"rendered":"Teppichreinigung"},"content":{"rendered":"\n<figure class=\"wp-block-image size-full is-resized\"><img loading=\"lazy\" decoding=\"async\" src=\"https:\/\/cleanmen-stuttgart.de\/wp-content\/uploads\/2022\/05\/iStock-832995886.jpg\" alt=\"\" class=\"wp-image-273\" width=\"635\" height=\"424\" srcset=\"https:\/\/cleanmen-stuttgart.de\/wp-content\/uploads\/2022\/05\/iStock-832995886.jpg 724w, https:\/\/cleanmen-stuttgart.de\/wp-content\/uploads\/2022\/05\/iStock-832995886-300x200.jpg 300w\" sizes=\"auto, (max-width: 635px) 100vw, 635px\" \/><figcaption>Teppichreinigung<\/figcaption><\/figure>\n\n\n\n<p>Jeder Teppich erz\u00e4hlt im Laufe der Zeit seine ganz eigene Geschichte. Wir befreien Ihren Teppich von Flecken und Verunreinigungen, die sich angesammelt haben. Indem wir scharfkantige Staub- und Schmutzpartikel entfernen,\u00a0verl\u00e4ngern\u00a0wir nicht nur die\u00a0Lebensdauer Ihres Teppichs, sondern lassen\u00a0verblasste Farben\u00a0wieder\u00a0in kr\u00e4ftigem Kontrast erscheinen. Vor allem, wenn Sie Haustiere besitzen, die \u00fcber die F\u00fc\u00dfe E.-coli-Bakterien verbreiten k\u00f6nnen, sollten Sie unseren Teppichservice in Anspruch nehmen.<\/p>\n","protected":false},"excerpt":{"rendered":"<p>Jeder Teppich erz\u00e4hlt im Laufe der Zeit seine ganz eigene Geschichte. Wir befreien Ihren Teppich von Flecken und Verunreinigungen, die sich angesammelt haben. Indem wir scharfkantige Staub- und Schmutzpartikel entfernen,\u00a0verl\u00e4ngern\u00a0wir [&hellip;]<\/p>\n","protected":false},"author":1,"featured_media":0,"parent":0,"menu_order":0,"comment_status":"closed","ping_status":"closed","template":"","meta":{"footnotes":""},"class_list":["post-199","page","type-page","status-publish","hentry"],"_links":{"self":[{"href":"https:\/\/cleanmen-stuttgart.de\/index.php?rest_route=\/wp\/v2\/pages\/199","targetHints":{"allow":["GET"]}}],"collection":[{"href":"https:\/\/cleanmen-stuttgart.de\/index.php?rest_route=\/wp\/v2\/pages"}],"about":[{"href":"https:\/\/cleanmen-stuttgart.de\/index.php?rest_route=\/wp\/v2\/types\/page"}],"author":[{"embeddable":true,"href":"https:\/\/cleanmen-stuttgart.de\/index.php?rest_route=\/wp\/v2\/users\/1"}],"replies":[{"embeddable":true,"href":"https:\/\/cleanmen-stuttgart.de\/index.php?rest_route=%2Fwp%2Fv2%2Fcomments&post=199"}],"version-history":[{"count":4,"href":"https:\/\/cleanmen-stuttgart.de\/index.php?rest_route=\/wp\/v2\/pages\/199\/revisions"}],"predecessor-version":[{"id":333,"href":"https:\/\/cleanmen-stuttgart.de\/index.php?rest_route=\/wp\/v2\/pages\/199\/revisions\/333"}],"wp:attachment":[{"href":"https:\/\/cleanmen-stuttgart.de\/index.php?rest_route=%2Fwp%2Fv2%2Fmedia&parent=199"}],"curies":[{"name":"wp","href":"https:\/\/api.w.org\/{rel}","templated":true}]}}