{"id":203,"date":"2022-03-24T13:55:19","date_gmt":"2022-03-24T12:55:19","guid":{"rendered":"https:\/\/cleanmen-stuttgart.de\/?page_id=203"},"modified":"2022-05-13T15:19:18","modified_gmt":"2022-05-13T13:19:18","slug":"fassadenreinigung","status":"publish","type":"page","link":"https:\/\/cleanmen-stuttgart.de\/?page_id=203","title":{"rendered":"Fassadenreinigung"},"content":{"rendered":"\n<figure class=\"wp-block-image size-full is-resized\"><img loading=\"lazy\" decoding=\"async\" src=\"https:\/\/cleanmen-stuttgart.de\/wp-content\/uploads\/2022\/05\/iStock-1145660167.jpg\" alt=\"\" class=\"wp-image-290\" width=\"534\" height=\"357\" srcset=\"https:\/\/cleanmen-stuttgart.de\/wp-content\/uploads\/2022\/05\/iStock-1145660167.jpg 724w, https:\/\/cleanmen-stuttgart.de\/wp-content\/uploads\/2022\/05\/iStock-1145660167-300x200.jpg 300w\" sizes=\"auto, (max-width: 534px) 100vw, 534px\" \/><figcaption>Fassadenreinigung<\/figcaption><\/figure>\n\n\n\n<p>Mit speziellen Reinigungsverfahren bringen wir\u00a0Au\u00dfenw\u00e4nde auf Hochglanz. Damit sorgen wir nicht nur bei Kundinnen und Kunden f\u00fcr einen guten ersten Eindruck, sondern tragen auch zum\u00a0langfristigen Schutz und Werterhalt\u00a0der Immobilie bei.<\/p>\n\n\n\n<p>Als erfahrenes Reinigungsunternehmen kennen wir die\u00a0Anforderungen unterschiedlicher Geb\u00e4udefassaden\u00a0und wissen, mit welchen Ma\u00dfnahmen wir auch bei anspruchsvollen architektonischen Gestaltungen\u00a0optimale Ergebnisse erzielen. Auch Fugen, Einrahmungen und Vorspr\u00fcnge ber\u00fccksichtigen wir bei der Reinigung Ihrer Fassade. Verlassen Sie sich auf die\u00a0Kompetenz unserer Fachkr\u00e4fte\u00a0und erfreuen Sie sich jederzeit einer sch\u00f6nen und repr\u00e4sentativen Geb\u00e4udefassade.<\/p>\n","protected":false},"excerpt":{"rendered":"<p>Mit speziellen Reinigungsverfahren bringen wir\u00a0Au\u00dfenw\u00e4nde auf Hochglanz. Damit sorgen wir nicht nur bei Kundinnen und Kunden f\u00fcr einen guten ersten Eindruck, sondern tragen auch zum\u00a0langfristigen Schutz und Werterhalt\u00a0der Immobilie bei. [&hellip;]<\/p>\n","protected":false},"author":1,"featured_media":0,"parent":0,"menu_order":0,"comment_status":"closed","ping_status":"closed","template":"","meta":{"footnotes":""},"class_list":["post-203","page","type-page","status-publish","hentry"],"_links":{"self":[{"href":"https:\/\/cleanmen-stuttgart.de\/index.php?rest_route=\/wp\/v2\/pages\/203","targetHints":{"allow":["GET"]}}],"collection":[{"href":"https:\/\/cleanmen-stuttgart.de\/index.php?rest_route=\/wp\/v2\/pages"}],"about":[{"href":"https:\/\/cleanmen-stuttgart.de\/index.php?rest_route=\/wp\/v2\/types\/page"}],"author":[{"embeddable":true,"href":"https:\/\/cleanmen-stuttgart.de\/index.php?rest_route=\/wp\/v2\/users\/1"}],"replies":[{"embeddable":true,"href":"https:\/\/cleanmen-stuttgart.de\/index.php?rest_route=%2Fwp%2Fv2%2Fcomments&post=203"}],"version-history":[{"count":7,"href":"https:\/\/cleanmen-stuttgart.de\/index.php?rest_route=\/wp\/v2\/pages\/203\/revisions"}],"predecessor-version":[{"id":334,"href":"https:\/\/cleanmen-stuttgart.de\/index.php?rest_route=\/wp\/v2\/pages\/203\/revisions\/334"}],"wp:attachment":[{"href":"https:\/\/cleanmen-stuttgart.de\/index.php?rest_route=%2Fwp%2Fv2%2Fmedia&parent=203"}],"curies":[{"name":"wp","href":"https:\/\/api.w.org\/{rel}","templated":true}]}}