{"id":207,"date":"2022-03-24T13:56:50","date_gmt":"2022-03-24T12:56:50","guid":{"rendered":"https:\/\/cleanmen-stuttgart.de\/?page_id=207"},"modified":"2022-05-04T18:30:04","modified_gmt":"2022-05-04T16:30:04","slug":"sonderreinigung","status":"publish","type":"page","link":"https:\/\/cleanmen-stuttgart.de\/?page_id=207","title":{"rendered":"Sonderreinigung"},"content":{"rendered":"\n<p><br>Sie suchen eine professionelle Reinigung von schwer erreichbaren Glasscheiben? Sie ben\u00f6tigen eine Maschinenreinigung von lebensmittelverarbeitenden Maschinen oder m\u00f6chten einfach nur Ihr neues B\u00fcrogeb\u00e4ude grundgereinigt haben? Dann sind Sie bei uns gut aufgehoben. Im Prinzip gibt es nichts, was wir nicht reinigen k\u00f6nnen. In den folgenden Themengebieten erhalten Sie einen genaueren Einblick in die Vielf\u00e4ltigkeit von Sonderreinigungen.<\/p>\n\n\n\n<p>Brandschadenreinigung <\/p>\n\n\n\n<p>Bauschlussreinigung <\/p>\n\n\n\n<p>Maschinenreinigung  <\/p>\n\n\n\n<p>Sollten Sie eine bestimmte Reinigung nicht finden? Wir k\u00f6nnen nicht alles auflisten, machen es aber bestimmt. Fragen Sie einfach nach<\/p>\n","protected":false},"excerpt":{"rendered":"<p>Sie suchen eine professionelle Reinigung von schwer erreichbaren Glasscheiben? Sie ben\u00f6tigen eine Maschinenreinigung von lebensmittelverarbeitenden Maschinen oder m\u00f6chten einfach nur Ihr neues B\u00fcrogeb\u00e4ude grundgereinigt haben? Dann sind Sie bei uns [&hellip;]<\/p>\n","protected":false},"author":1,"featured_media":0,"parent":0,"menu_order":0,"comment_status":"closed","ping_status":"closed","template":"","meta":{"footnotes":""},"class_list":["post-207","page","type-page","status-publish","hentry"],"_links":{"self":[{"href":"https:\/\/cleanmen-stuttgart.de\/index.php?rest_route=\/wp\/v2\/pages\/207","targetHints":{"allow":["GET"]}}],"collection":[{"href":"https:\/\/cleanmen-stuttgart.de\/index.php?rest_route=\/wp\/v2\/pages"}],"about":[{"href":"https:\/\/cleanmen-stuttgart.de\/index.php?rest_route=\/wp\/v2\/types\/page"}],"author":[{"embeddable":true,"href":"https:\/\/cleanmen-stuttgart.de\/index.php?rest_route=\/wp\/v2\/users\/1"}],"replies":[{"embeddable":true,"href":"https:\/\/cleanmen-stuttgart.de\/index.php?rest_route=%2Fwp%2Fv2%2Fcomments&post=207"}],"version-history":[{"count":2,"href":"https:\/\/cleanmen-stuttgart.de\/index.php?rest_route=\/wp\/v2\/pages\/207\/revisions"}],"predecessor-version":[{"id":270,"href":"https:\/\/cleanmen-stuttgart.de\/index.php?rest_route=\/wp\/v2\/pages\/207\/revisions\/270"}],"wp:attachment":[{"href":"https:\/\/cleanmen-stuttgart.de\/index.php?rest_route=%2Fwp%2Fv2%2Fmedia&parent=207"}],"curies":[{"name":"wp","href":"https:\/\/api.w.org\/{rel}","templated":true}]}}