{"id":211,"date":"2022-03-24T13:57:09","date_gmt":"2022-03-24T12:57:09","guid":{"rendered":"https:\/\/cleanmen-stuttgart.de\/?page_id=211"},"modified":"2022-05-03T21:44:14","modified_gmt":"2022-05-03T19:44:14","slug":"winterdienst","status":"publish","type":"page","link":"https:\/\/cleanmen-stuttgart.de\/?page_id=211","title":{"rendered":"Winterdienst"},"content":{"rendered":"\n<p>Wir begleiten Sie im Winter! Was gibt es Sch\u00f6neres als ein bisschen Hilfe in der k\u00e4ltesten Jahreszeit, wenn es vor Ihrem Haus, vor dem B\u00fcro und vor allen Arten von Geb\u00e4uden und R\u00e4umlichkeiten definitiv etwas zu reinigen gibt. \u00dcberlassen Sie unserer Professionalit\u00e4t die Reinigung von Schneeregen, Eis, Schnee und Schlamm auf den Wegen vor Ihrem Haus oder Arbeitsplatz. Wir stehen Ihnen in der Region\u00a0Baden-W\u00fcrttemberg \u00a0f\u00fcr einen schnellen und korrekten Service zu wettbewerbsf\u00e4higen Preisen zur Verf\u00fcgung. Dank unseres professionellen Teams in der Cleanmen- Geb\u00e4udereinigung garantieren wir Ihnen einen qualitativ hochwertigen und kompromisslosen Service.<\/p>\n\n\n\n<figure class=\"wp-block-image size-large\"><img loading=\"lazy\" decoding=\"async\" width=\"1024\" height=\"683\" src=\"https:\/\/cleanmen-stuttgart.de\/wp-content\/uploads\/2022\/03\/iStock-536272583-1024x683.jpg\" alt=\"Winter\nSchnee  \nKalt\n\" class=\"wp-image-244\" srcset=\"https:\/\/cleanmen-stuttgart.de\/wp-content\/uploads\/2022\/03\/iStock-536272583-1024x683.jpg 1024w, https:\/\/cleanmen-stuttgart.de\/wp-content\/uploads\/2022\/03\/iStock-536272583-300x200.jpg 300w, https:\/\/cleanmen-stuttgart.de\/wp-content\/uploads\/2022\/03\/iStock-536272583-768x512.jpg 768w, https:\/\/cleanmen-stuttgart.de\/wp-content\/uploads\/2022\/03\/iStock-536272583.jpg 1254w\" sizes=\"auto, (max-width: 1024px) 100vw, 1024px\" \/><figcaption>Winterdienst<\/figcaption><\/figure>\n\n\n\n<p><\/p>\n","protected":false},"excerpt":{"rendered":"<p>Wir begleiten Sie im Winter! Was gibt es Sch\u00f6neres als ein bisschen Hilfe in der k\u00e4ltesten Jahreszeit, wenn es vor Ihrem Haus, vor dem B\u00fcro und vor allen Arten von [&hellip;]<\/p>\n","protected":false},"author":1,"featured_media":0,"parent":0,"menu_order":0,"comment_status":"closed","ping_status":"closed","template":"","meta":{"footnotes":""},"class_list":["post-211","page","type-page","status-publish","hentry"],"_links":{"self":[{"href":"https:\/\/cleanmen-stuttgart.de\/index.php?rest_route=\/wp\/v2\/pages\/211","targetHints":{"allow":["GET"]}}],"collection":[{"href":"https:\/\/cleanmen-stuttgart.de\/index.php?rest_route=\/wp\/v2\/pages"}],"about":[{"href":"https:\/\/cleanmen-stuttgart.de\/index.php?rest_route=\/wp\/v2\/types\/page"}],"author":[{"embeddable":true,"href":"https:\/\/cleanmen-stuttgart.de\/index.php?rest_route=\/wp\/v2\/users\/1"}],"replies":[{"embeddable":true,"href":"https:\/\/cleanmen-stuttgart.de\/index.php?rest_route=%2Fwp%2Fv2%2Fcomments&post=211"}],"version-history":[{"count":4,"href":"https:\/\/cleanmen-stuttgart.de\/index.php?rest_route=\/wp\/v2\/pages\/211\/revisions"}],"predecessor-version":[{"id":265,"href":"https:\/\/cleanmen-stuttgart.de\/index.php?rest_route=\/wp\/v2\/pages\/211\/revisions\/265"}],"wp:attachment":[{"href":"https:\/\/cleanmen-stuttgart.de\/index.php?rest_route=%2Fwp%2Fv2%2Fmedia&parent=211"}],"curies":[{"name":"wp","href":"https:\/\/api.w.org\/{rel}","templated":true}]}}