{"id":219,"date":"2022-03-24T13:57:53","date_gmt":"2022-03-24T12:57:53","guid":{"rendered":"https:\/\/cleanmen-stuttgart.de\/?page_id=219"},"modified":"2022-05-13T15:20:41","modified_gmt":"2022-05-13T13:20:41","slug":"graffitentfernung","status":"publish","type":"page","link":"https:\/\/cleanmen-stuttgart.de\/?page_id=219","title":{"rendered":"Graffitentfernung"},"content":{"rendered":"\n<figure class=\"wp-block-image size-full is-resized\"><img loading=\"lazy\" decoding=\"async\" src=\"https:\/\/cleanmen-stuttgart.de\/wp-content\/uploads\/2022\/05\/iStock-1366037867.jpg\" alt=\"\" class=\"wp-image-280\" width=\"900\" height=\"507\" srcset=\"https:\/\/cleanmen-stuttgart.de\/wp-content\/uploads\/2022\/05\/iStock-1366037867.jpg 787w, https:\/\/cleanmen-stuttgart.de\/wp-content\/uploads\/2022\/05\/iStock-1366037867-300x169.jpg 300w, https:\/\/cleanmen-stuttgart.de\/wp-content\/uploads\/2022\/05\/iStock-1366037867-768x432.jpg 768w\" sizes=\"auto, (max-width: 900px) 100vw, 900px\" \/><figcaption>Graffitentfernung<\/figcaption><\/figure>\n\n\n\n<p>Wir sorgen f\u00fcr die\u00a0restlose Entfernung von Schmierereien\u00a0an Ihren Au\u00dfenw\u00e4nden \u2013 selbstverst\u00e4ndlich ohne, dass die Bausubstanz darunter leidet. Mit dem entsprechenden Know-how und dem richtigen Handwerkszeug befreien wir Ihre Fassade\u00a0r\u00fcckstandsfrei\u00a0von Graffiti. Dabei gehen wir effizient und schonend vor, um einen\u00a0Langzeitschutz<strong>\u00a0<\/strong>Ihrer Au\u00dfenw\u00e4nde zu gew\u00e4hrleisten.<\/p>\n\n\n\n<p>Wichtig ist, dass Sie uns m\u00f6glichst\u00a0schnell mit der Graffitientfernung beauftragen. Denn je frischer das Werk ist, desto einfacher ist die Beseitigung. Dank unserer speziellen Reinigungsger\u00e4te kommen wir ohne Hochdruck, Wasser und Chemie aus. Auf Wunsch bringen wir hinterher eine<strong>\u00a0<\/strong>Anti-Graffiti-Beschichtung\u00a0auf, um die Oberfl\u00e4che dauerhaft zu sch\u00fctzen.<\/p>\n","protected":false},"excerpt":{"rendered":"<p>Wir sorgen f\u00fcr die\u00a0restlose Entfernung von Schmierereien\u00a0an Ihren Au\u00dfenw\u00e4nden \u2013 selbstverst\u00e4ndlich ohne, dass die Bausubstanz darunter leidet. Mit dem entsprechenden Know-how und dem richtigen Handwerkszeug befreien wir Ihre Fassade\u00a0r\u00fcckstandsfrei\u00a0von Graffiti. [&hellip;]<\/p>\n","protected":false},"author":1,"featured_media":0,"parent":0,"menu_order":0,"comment_status":"closed","ping_status":"closed","template":"","meta":{"footnotes":""},"class_list":["post-219","page","type-page","status-publish","hentry"],"_links":{"self":[{"href":"https:\/\/cleanmen-stuttgart.de\/index.php?rest_route=\/wp\/v2\/pages\/219","targetHints":{"allow":["GET"]}}],"collection":[{"href":"https:\/\/cleanmen-stuttgart.de\/index.php?rest_route=\/wp\/v2\/pages"}],"about":[{"href":"https:\/\/cleanmen-stuttgart.de\/index.php?rest_route=\/wp\/v2\/types\/page"}],"author":[{"embeddable":true,"href":"https:\/\/cleanmen-stuttgart.de\/index.php?rest_route=\/wp\/v2\/users\/1"}],"replies":[{"embeddable":true,"href":"https:\/\/cleanmen-stuttgart.de\/index.php?rest_route=%2Fwp%2Fv2%2Fcomments&post=219"}],"version-history":[{"count":4,"href":"https:\/\/cleanmen-stuttgart.de\/index.php?rest_route=\/wp\/v2\/pages\/219\/revisions"}],"predecessor-version":[{"id":335,"href":"https:\/\/cleanmen-stuttgart.de\/index.php?rest_route=\/wp\/v2\/pages\/219\/revisions\/335"}],"wp:attachment":[{"href":"https:\/\/cleanmen-stuttgart.de\/index.php?rest_route=%2Fwp%2Fv2%2Fmedia&parent=219"}],"curies":[{"name":"wp","href":"https:\/\/api.w.org\/{rel}","templated":true}]}}