{"id":71,"date":"2022-03-24T12:13:56","date_gmt":"2022-03-24T11:13:56","guid":{"rendered":"https:\/\/cleanmen-stuttgart.de\/?page_id=71"},"modified":"2022-05-07T16:24:46","modified_gmt":"2022-05-07T14:24:46","slug":"cleanmen-gmbh","status":"publish","type":"page","link":"https:\/\/cleanmen-stuttgart.de\/?page_id=71","title":{"rendered":"Cleanmen GmbH"},"content":{"rendered":"\n<p>Die Cleanmen Geb\u00e4udereinigung wurde 2013 als Geb\u00e4udereinigungsunternehmen gegr\u00fcndet.<\/p>\n\n\n\n<p>Seit dem steht Sauberkeit bei uns an erster Stelle!<\/p>\n\n\n\n<p>Aufgrund des enormen Kundenzuwachs, wurde das Einzelunternehmen 2021 in die Cleanmen Geb\u00e4udereingung GmbH umfirmiert um unseren Kunden noch besseren Service im Bereich Geb\u00e4udedienste anzubieten.<\/p>\n\n\n\n<p>Als Inhabergef\u00fchrtes Unternehmen ist unser Name Programm&#8230;. Cleanmen Geb\u00e4udereinigung steht nicht nur f\u00fcr flexible und kundenorientierten Service, sondern auch f\u00fcr klassisches Handwerk.<\/p>\n\n\n\n<p>Verantwortungsvolle Zuverl\u00e4ssigkeit und partnerschaftliche Kundenn\u00e4he sind unser Credo.<\/p>\n\n\n\n<p><\/p>\n\n\n\n<p>Sollten sie Fragen rund um das Thema Geb\u00e4udereinigung haben , sind wir Ihr kompetenter Ansprechpartner!<\/p>\n\n\n\n<p><\/p>\n\n\n\n<p><\/p>\n\n\n\n<p>Wir freuen uns auf Sie!<\/p>\n\n\n\n<p><\/p>\n\n\n\n<p>  <\/p>\n","protected":false},"excerpt":{"rendered":"<p>Die Cleanmen Geb\u00e4udereinigung wurde 2013 als Geb\u00e4udereinigungsunternehmen gegr\u00fcndet. Seit dem steht Sauberkeit bei uns an erster Stelle! Aufgrund des enormen Kundenzuwachs, wurde das Einzelunternehmen 2021 in die Cleanmen Geb\u00e4udereingung GmbH [&hellip;]<\/p>\n","protected":false},"author":1,"featured_media":0,"parent":0,"menu_order":0,"comment_status":"closed","ping_status":"closed","template":"","meta":{"footnotes":""},"class_list":["post-71","page","type-page","status-publish","hentry"],"_links":{"self":[{"href":"https:\/\/cleanmen-stuttgart.de\/index.php?rest_route=\/wp\/v2\/pages\/71","targetHints":{"allow":["GET"]}}],"collection":[{"href":"https:\/\/cleanmen-stuttgart.de\/index.php?rest_route=\/wp\/v2\/pages"}],"about":[{"href":"https:\/\/cleanmen-stuttgart.de\/index.php?rest_route=\/wp\/v2\/types\/page"}],"author":[{"embeddable":true,"href":"https:\/\/cleanmen-stuttgart.de\/index.php?rest_route=\/wp\/v2\/users\/1"}],"replies":[{"embeddable":true,"href":"https:\/\/cleanmen-stuttgart.de\/index.php?rest_route=%2Fwp%2Fv2%2Fcomments&post=71"}],"version-history":[{"count":4,"href":"https:\/\/cleanmen-stuttgart.de\/index.php?rest_route=\/wp\/v2\/pages\/71\/revisions"}],"predecessor-version":[{"id":295,"href":"https:\/\/cleanmen-stuttgart.de\/index.php?rest_route=\/wp\/v2\/pages\/71\/revisions\/295"}],"wp:attachment":[{"href":"https:\/\/cleanmen-stuttgart.de\/index.php?rest_route=%2Fwp%2Fv2%2Fmedia&parent=71"}],"curies":[{"name":"wp","href":"https:\/\/api.w.org\/{rel}","templated":true}]}}